{"id":3,"date":"2020-04-21T17:36:52","date_gmt":"2020-04-21T17:36:52","guid":{"rendered":"https:\/\/gizatzen.eus\/?page_id=3"},"modified":"2020-11-24T18:14:49","modified_gmt":"2020-11-24T18:14:49","slug":"politica-de-cookies","status":"publish","type":"page","link":"https:\/\/gizatzen.eus\/es\/politica-de-cookies\/","title":{"rendered":"Pol\u00edtica de Cookies"},"content":{"rendered":"<\/div><\/div><\/div><!-- close content main div --><\/div><\/div><div class='clear'><\/div><div id='sub_menu1'  class='av-submenu-container main_color  av-sticky-submenu  container_wrap fullsize' style='  z-index:301' ><div class='container av-menu-mobile-disabled '><ul id='av-custom-submenu-1' class='av-subnav-menu av-submenu-pos-right'>\n<li class='menu-item menu-item-top-level  menu-item-top-level-1'><a href='#cast' ><span class='avia-bullet'><\/span><span class='avia-menu-text'>CAST<\/span><\/a><\/li>\n<li class='menu-item menu-item-top-level  menu-item-top-level-2'><a href='#eu' ><span class='avia-bullet'><\/span><span class='avia-menu-text'>EUS<\/span><\/a><\/li>\n<\/ul><\/div><\/div><div class='sticky_placeholder'><\/div>\n<\/div><\/div><\/div><!-- close content main div --><\/div><\/div><div id='cast'  class='avia-section main_color avia-section-default avia-no-border-styling  avia-bg-style-scroll   container_wrap fullsize' style=' '  ><div class='container' ><div class='template-page content  av-content-full alpha units'><div class='post-entry post-entry-type-page post-entry-3'><div class='entry-content-wrapper clearfix'>\n<div  style='padding-bottom:10px; ' class='av-special-heading av-special-heading-h2  blockquote modern-quote  '><h2 class='av-special-heading-tag '  itemprop=\"headline\"  >Pol\u00edtica de cookies<\/h2><div class='special-heading-border'><div class='special-heading-inner-border' ><\/div><\/div><\/div>\n<section class=\"av_textblock_section \"  itemscope=\"itemscope\" itemtype=\"https:\/\/schema.org\/CreativeWork\" ><div class='avia_textblock  '   itemprop=\"text\" ><h3>Definici\u00f3n y funci\u00f3n gen\u00e9rica de las cookies<\/h3>\n<p>Este sitio web utiliza cookies y\/o tecnolog\u00edas similares que almacenan y recuperan informaci\u00f3n cuando las personas usuarias navegan por \u00e9l. En general, estas tecnolog\u00edas pueden servir para finalidades muy diversas, como, por ejemplo, reconocer a las personas usuarias, obtener informaci\u00f3n sobre sus h\u00e1bitos de navegaci\u00f3n, o personalizar la forma en que se muestra el contenido. Los usos concretos que se hacen de estas tecnolog\u00edas se describen en el apartado \u201cInformaci\u00f3n sobre el tipo de cookies que se utilizan y su finalidad\u201d.<\/p>\n<h3>Consentimiento, revocaci\u00f3n y eliminaci\u00f3n de cookies<\/h3>\n<p>Se informa a las personas usuarias que podemos utilizar cookies en los equipos y\/o dispositivos siempre y cuando hayan prestado su consentimiento, salvo en los supuestos en los que las cookies sean necesarias para la navegaci\u00f3n por nuestro sitio en Internet o sean necesarias para la personalizaci\u00f3n del sitio.<br \/>\nEn caso de que las personas usuarias presten su consentimiento, podremos utilizar cookies que nos permitir\u00e1n tener m\u00e1s informaci\u00f3n acerca de sus preferencias y personalizar nuestro sitio web de conformidad con sus intereses individuales.<br \/>\nAdem\u00e1s, es posible permitir o bloquear las cookies, as\u00ed como borrar los datos de navegaci\u00f3n (incluidas las cookies) desde el navegador que cada persona usuaria utilice. Las personas usuarias pueden consultar las opciones e instrucciones que ofrecen sus navegadores para ello. No obstante, es necesario tener en cuenta que, si se aceptan las cookies de terceros, se deber\u00e1n eliminar desde las opciones del navegador. Ponemos a disposici\u00f3n de las personas usuarias toda la informaci\u00f3n para configurar o deshabilitar las cookies en cada navegador.<\/p>\n<p><a href=\"https:\/\/support.google.com\/chrome\/answer\/95647?hl=es\">Google Chrome<\/a><br \/>\n<a href=\"https:\/\/support.mozilla.org\/es\/kb\/habilitar-y-deshabilitar-cookies-sitios-web-rastrear-preferencias\">Mozilla Firefox<\/a><br \/>\n<a href=\"https:\/\/support.microsoft.com\/es-es\/help\/17442\/windows-internet-explorer-delete-manage-cookies\">Internet Explorer<\/a><a href=\"https:\/\/support.microsoft.com\/es-es\/help\/17442\/windows-internet-explorer-delete-manage-cookies\">Internet Explorer<\/a><br \/>\n<a href=\"https:\/\/support.apple.com\/es-es\/guide\/safari\/sfri11471\/mac\">Safari<\/a><br \/>\n<a href=\"https:\/\/support.apple.com\/es-es\/HT201265\">Safari para IOS (iPhone y iPad)<\/a><br \/>\n<a href=\"https:\/\/support.google.com\/chrome\/answer\/114662?hl=es&amp;visit_id=637171856649193033-2857418721&amp;rd=1\">Chrome para Android<\/a><\/p>\n<h3>Informaci\u00f3n sobre el tipo de cookies que se utilizan y su finalidad<\/h3>\n<p>Seg\u00fan la finalidad perseguida las cookies que se utilizan son las siguientes:<\/p>\n<p><strong>Cookies t\u00e9cnicas<\/strong><\/p>\n<p>Son aquellas que permiten a las personas usuarias la navegaci\u00f3n a trav\u00e9s de una p\u00e1gina web o plataforma y la utilizaci\u00f3n de las diferentes opciones o servicios que en ella existan como, por ejemplo, controlar el tr\u00e1fico y la comunicaci\u00f3n de datos, identificar la sesi\u00f3n, acceder a partes de acceso restringido, realizar la solicitud de inscripci\u00f3n o participaci\u00f3n en un evento, utilizar elementos de seguridad durante la navegaci\u00f3n o compartir contenidos a trav\u00e9s de redes sociales.<\/p>\n<p><strong>Cookies de preferencias o personalizaci\u00f3n:<\/strong><\/p>\n<p>Son aquellas que permiten a las personas usuarias acceder al servicio con algunas caracter\u00edsticas de car\u00e1cter general, predefinidas en funci\u00f3n de una serie de criterios en los terminales de las personas usuarias como, por ejemplo, el idioma, el tipo de navegador a trav\u00e9s del cual accede al servicio, la configuraci\u00f3n regional desde donde accede al servicio, etc\u2026<\/p>\n<p><strong>Cookies de an\u00e1lisis o medici\u00f3n<\/strong><\/p>\n<p>Son aquellas que permiten el seguimiento y an\u00e1lisis del comportamiento de las personas usuarias en el sitio en Internet. La informaci\u00f3n recogida mediante este tipo de cookies se utiliza en la medici\u00f3n de la actividad del sitio y para la elaboraci\u00f3n de perfiles de navegaci\u00f3n de las personas usuarias del sitio o plataforma, con el fin de introducir mejoras en funci\u00f3n del an\u00e1lisis de los datos de uso que hacen las personas usuarias.<\/p>\n<p><strong>Cookies publicitarias<\/strong><\/p>\n<p>Estas cookies pueden ser utilizadas y compartidas con las empresas publicitarias colaboradoras para elaborar un perfil de los intereses de las personas usuarias y mostrarle anuncios personalizados en otros sitios en Internet. Si no se permiten estas cookies, las personas usuarias ver\u00e1n menos publicidad personalizada.<\/p>\n<p>En funci\u00f3n de su duraci\u00f3n las cookies pueden ser:<\/p>\n<p><strong>De sesi\u00f3n<\/strong><\/p>\n<p>Son un tipo de cookies dise\u00f1adas para recabar y almacenar datos mientras las personas usuarias acceden al sitio. Estas cookies no quedan almacenadas en el ordenador de las personas usuarias cuando caduca la sesi\u00f3n o estas cierran el navegador.<\/p>\n<p><strong>Persistentes<\/strong><\/p>\n<p>Son un tipo de cookies en las que los datos siguen almacenados en los terminales de las personas usuarias y pueden ser accedidos y tratados durante un periodo definido por el responsable de la cookie, que puede ir de unos minutos a varios a\u00f1os. La informaci\u00f3n sigue almacenada en los terminales de las personas usuarias y puede ser accedida y tratada cuando las personas usuarias abandonan el sitio y\/o cuando se vuelvan a conectar a ella. Estas cookies pueden ser borradas en cualquier momento por las personas usuarias.<\/p>\n<p>En funci\u00f3n de la entidad que las gestione<\/p>\n<p><strong>Cookies propias<\/strong><\/p>\n<p>Son aquellas que se env\u00edan al equipo terminal de las personas usuarias desde un equipo o dominio gestionado por GIZATZEN y desde el que se presta el servicio solicitado por la persona usuaria.<\/p>\n<p><strong>Cookies de terceros<\/strong><\/p>\n<p>Son aquellas que se env\u00edan al equipo terminal de las personas usuarias desde un equipo o dominio que no es gestionado por GIZATZEN, sino por otra entidad que trata los datos obtenidos a trav\u00e9s de las cookies. Asimismo, en el caso de que las cookies sean instaladas desde un equipo o dominio gestionado por el propio titular del sitio, pero la informaci\u00f3n que se recoja mediante \u00e9stas sea gestionada por un tercero, tambi\u00e9n ser\u00e1n consideradas como cookies de terceros.<\/p>\n<h3>Informaci\u00f3n sobre las entidades que acceden a la informaci\u00f3n de las cookies<\/h3>\n<p>La informaci\u00f3n almacenada en las cookies es utilizada por GIZATZEN y por Google y Facebook. En este sentido, se utilizan cookies de Facebook para mostrar anuncios a personas que hayan visitado anteriormente el sitio de Internet y recomendarles productos y servicios a partir de esta actividad. Adicionalmente permite limitar el n\u00famero de veces que se muestra un anuncio, medir el rendimiento de las campa\u00f1as publicitarias y conocer estad\u00edsticas sobre las personas que usan los Productos de Facebook. Tambi\u00e9n se utilizan esas cookies para ayudar a las personas usuarias a indicar que no quieren ver determinados anuncios de Facebook en funci\u00f3n de su actividad en sitios web de terceros. Se puede encontrar m\u00e1s informaci\u00f3n en la Pol\u00edtica de Cookies de Facebook disponible en <a href=\"https:\/\/es-es.facebook.com\/policies\/cookies\/\">https:\/\/es-es.facebook.com\/policies\/cookies\/<\/a><br \/>\nAdem\u00e1s, se utilizan cookies de Google para mejorar la publicidad orient\u00e1ndola en funci\u00f3n del contenido y de la relevancia que \u00e9ste pueda tener para sus intereses. De esta forma se mejoran los informes de rendimiento de la campa\u00f1a y se evitan mostrar anuncios que no son de inter\u00e9s de las personas usuarias o que ya hayan visto. Se puede encontrar m\u00e1s informaci\u00f3n en la Pol\u00edtica de Cookies de Google disponible en<a href=\"https:\/\/policies.google.com\/technologies\/cookies?hl=es\"> https:\/\/policies.google.com\/technologies\/cookies?hl=es<\/a><a href=\"https:\/\/policies.google.com\/technologies\/cookies?hl=es\"> https:\/\/policies.google.com\/technologies\/cookies?hl=es<\/a><\/p>\n<h3>Cambios y actualizaciones en la Pol\u00edtica de cookies<\/h3>\n<p>GIZATZEN puede modificar esta Pol\u00edtica de Cookies en funci\u00f3n de exigencias legislativas, reglamentarias, o con la finalidad de adaptar dicha Pol\u00edtica a las instrucciones y recomendaciones dictadas por los reguladores. Se recomienda, por tanto, revisar peri\u00f3dicamente la Pol\u00edtica de Cookies.<\/p>\n<\/div><\/section>\n\n<\/div><\/div><\/div><!-- close content main div --><\/div><\/div><div id='eu'  class='avia-section main_color avia-section-default avia-no-border-styling  avia-bg-style-scroll   container_wrap fullsize' style=' '  ><div class='container' ><div class='template-page content  av-content-full alpha units'><div class='post-entry post-entry-type-page post-entry-3'><div class='entry-content-wrapper clearfix'>\n<div  style='padding-bottom:10px; ' class='av-special-heading av-special-heading-h2  blockquote modern-quote  '><h2 class='av-special-heading-tag '  itemprop=\"headline\"  >COOKIE-POLITIKA<\/h2><div class='special-heading-border'><div class='special-heading-inner-border' ><\/div><\/div><\/div>\n<section class=\"av_textblock_section \"  itemscope=\"itemscope\" itemtype=\"https:\/\/schema.org\/CreativeWork\" ><div class='avia_textblock  '   itemprop=\"text\" ><h3>Cookien definizioa eta funtzio orokorra<\/h3>\n<p>Webgune honek cookieak eta\/edo antzeko teknologiak erabiltzen ditu, informazioa jaso eta biltegiratu egiten dutenak, erabiltzaileek webgunean barna nabigatzen dutenean. Oro har, teknologia horiek xede askotarako erabil daitezke, adibidez, erabiltzaileak ezagutzeko, erabiltzaileen nabigazio-ohiturei buruzko informazioa eskuratzeko eta edukia erakusteko modua pertsonalizatzeko. Teknologia horiek zertarako erabiltzen ditugun xehe-xehe dago deskribatuta \u201cCookie motak eta helburuak\u201d atalean.<\/p>\n<h3>Baimena ematea, atzera egitea eta cookieak ezabatzea<\/h3>\n<p>Erabiltzaileei jakinarazten diegu cookieak ekipo eta\/edo gailuetan erabiltzeko, haien aurretiazko baimena behar dugula, salbu eta cookieak gure Interneteko webgunean nabigatzeko edo gunea pertsonalizatzeko ezinbestekoak badira. Hortaz, erabiltzaileek beren baimena ematen badute, haien lehentasunei buruzko informazio gehiago jaso eta gure webgunea haien banakako interesen arabera pertsonalizatzeko erabili ahal izango ditugu cookieak.<br \/>\nGainera, posible da cookieak gaitzea edo blokeatzea, baita erabiltzaile bakoitzaren nabigatzailetik nabigazio-datu guztiak (cookieak barne) ezabatzea ere. Erabiltzaileek nabigatzaile bakoitzak gai horretan ematen dituen aukerak eta jarraibideak kontsulta ditzakete. Edonola ere, aintzat hartu behar da hirugarrenen cookieak onartu badira, nabigatzailearen aukeretan ezabatu beharko direla cookie horiek. Honako esteka hauetan aurkituko dituzte erabiltzaileek nabigatzaile bakoitzeko cookieak konfiguratzeko edo desgaitzeko eman beharreko urratsak:<\/p>\n<p><a href=\"https:\/\/support.google.com\/chrome\/answer\/95647?hl=es\">Google Chrome<\/a><br \/>\n<a href=\"https:\/\/support.mozilla.org\/es\/kb\/habilitar-y-deshabilitar-cookies-sitios-web-rastrear-preferencias\">Mozilla Firefox<\/a><br \/>\n<a href=\"https:\/\/support.microsoft.com\/es-es\/help\/17442\/windows-internet-explorer-delete-manage-cookies\">Internet Explorer<\/a><a href=\"https:\/\/support.microsoft.com\/es-es\/help\/17442\/windows-internet-explorer-delete-manage-cookies\">Internet Explorer<\/a><br \/>\n<a href=\"https:\/\/support.apple.com\/es-es\/guide\/safari\/sfri11471\/mac\">Safari<\/a><br \/>\n<a href=\"https:\/\/support.apple.com\/es-es\/HT201265\">Safari para IOS (iPhone y iPad)<\/a><br \/>\n<a href=\"https:\/\/support.google.com\/chrome\/answer\/114662?hl=es&amp;visit_id=637171856649193033-2857418721&amp;rd=1\">Chrome para Android<\/a><\/p>\n<h3>Cookie motak eta helburuak<\/h3>\n<p>Helburuaren arabera, honako cookie hauek erabiltzen dira:<\/p>\n<p><strong>Cookie teknikoak.<\/strong><\/p>\n<p>Erabiltzaileei webgune edo plataforma batean nabigatzea eta bertan eskaintzen diren aukerak edo zerbitzuak erabiltzea ahalbidetzen dieten cookieak dira. Besteak beste, honetarako balio dute: datuen trafikoa eta komunikazioa kontrolatzeko, saioa identifikatzeko, sarbide mugatuko ataletan sartzeko, ekitaldietan izena eman edo parte hartzeko eskaerak egiteko, nabigazioan segurtasun-elementuak erabiltzeko eta sare sozialen bitartez edukiak partekatzeko.<\/p>\n<p><strong>Lehentasun- edo pertsonalizazio-cookieak.<\/strong><\/p>\n<p>Erabiltzaileei ezaugarri orokor batzuk ezarrita dituen zerbitzua atzitzea ahalbidetzen dietenak dira. Ezaugarri horiek erabiltzaileen gailuetan daude finkatuta, hainbat irizpideren arabera. Besteak beste, hauek aipa daitezke: hizkuntza, zerbitzua atzitzeko erabilitako nabigatzailea eta zerbitzua atzitu den tokiko eskualde-konfigurazioa.<\/p>\n<p><strong>Analisi- edo neurketa-cookieak.<\/strong><\/p>\n<p>Erabiltzaileek Interneteko webgunean duten aktibitatea jarraitzea eta haien jokabidea analizatzea ahalbidetzen duten cookieak dira. Horien bitartez jasotako informazioa guneko aktibitatea neurtzeko eta guneko edo plataformako erabiltzaileen nabigazio-profilak sortzeko erabiltzen da, erabiltzaileek gunean duten aktibitateari buruzko datuen bidez hobekuntzak egite aldera.<\/p>\n<p><strong>Publizitate-cookieak.<\/strong><\/p>\n<p>Cookie hauek gure publizitate-enpresa lankideek erabili eta partekatu ditzakete erabiltzaileen interesetan oinarritutako profilak sortu eta Interneteko beste gune batzuetan iragarki pertsonalizatuak erakusteko. Ez baldin bada cookie horiek erabiltzeko baimenik ematen, publizitate pertsonalizatu gutxiago ikusiko dute erabiltzaileek.<\/p>\n<p>Funtzioaren arabera, honela sailkatzen dira cookieak:<\/p>\n<p><strong>Saiokoak<\/strong><\/p>\n<p>Erabiltzaileak gunean dauden bitartean datuak jaso eta biltegiratzeko diseinatuta dauden cookieak dira. Cookie hauek ez dira erabiltzaileen nabigatzailean biltegiratzen saioa amaitu edo nabigatzailea ixten dutenean.<\/p>\n<p><strong>Iraunkorrak<\/strong><\/p>\n<p>Cookie hauek erabiltzaileen gailuetan biltegiratzen dira, eta, beraz, cookiearen arduradunak zehaztutako epean atzitu eta erabili ahal izango dira. Epe hori zenbait minututatik hasi eta hainbat urtera artekoa izan daiteke. Informazioa erabiltzaileen gailuetan biltegiratzen da, eta atzitu eta erabili egin daiteke erabiltzaileek gunea utzi eta\/edo berriz konektatzen direnean. Cookie hauek edozein unetan ezabatu ditzakete erabiltzaileek.<\/p>\n<p>Kudeatzen dituen erakundearen arabera:<\/p>\n<p><strong>Cookie propioak<\/strong><\/p>\n<p>GIZATZEN kudeatutako ekipo edo domeinu batetik bidaltzen dira erabiltzailearen gailura, eta ekipo edo domeinu horretatik ematen da erabiltzaileak eskatutako zerbitzua.<\/p>\n<p><strong>Hirugarrenen cookieak<\/strong><\/p>\n<p>GIZATZEN kudeatzen ez duen ekipo edo domeinu batetik bidaltzen dira erabiltzailearen gailura; hain zuzen, cookien bidez eskuratutako datuak tratatzen dituen beste erakunde batek bidaltzen ditu. Halaber, hirugarrenen cookietzat hartuko dira gunearen titularrak kudeatutako ekipo edo domeinu batetik bidali arren, informazioaren kudeaketa hirugarrenen esku uzten dutenak.<\/p>\n<h3>Cookien bidez eskuratutako informazioa atzitzen duten erakundeei buruzko informazioa<\/h3>\n<p>Cookietan biltegiratutako informazioa GIZATZEN eta Google-k eta Facebook-ek erabiltzen dute. Ildo beretik, Facebook-en cookieak aurretik Interneteko webgune horretan sartu diren pertsonei iragarkiak erakutsi eta, egin duten aktibitateari jarraikiz, produktuak eta zerbitzuak gomendatzeko erabiltzen dira. Gainera, iragarkiak zenbat aldiz erakutsiko diren zehaztu daiteke, baita publizitate-kanpainen errendimendua neurtu eta Facebook-en produktuak erabiltzen dituzten pertsonen estatistikak ezagutu ere. Horrez gain, cookie horiek erabiltzaileei laguntzeko erabiltzen dira; zehazki, hirugarrenen webguneetan egiten duten aktibitatearen arabera, Facebook-en iragarki zehatzak ikusi nahi ez dituztela adierazteko. Facebook-en cookien politikari buruzko informazio gehiago, hemen: h<a href=\"ttps:\/\/es-es.facebook.com\/policies\/cookies\/\">ttps:\/\/es-es.facebook.com\/policies\/cookies\/<\/a><br \/>\nGainera, Google-ren cookieak ere erabiltzen ditugu, publizitatea edukiaren eta erabiltzaileen interesen arabera zehaztuz hobetzeko. Modu horretan, hobetu egiten dira kanpainaren errendimenduari buruzko txostenak, eta ez dira erabiltzaileen interesekoak ez diren edo jadanik ikusi dituzten iragarkiak erakusten. Google-ren cookien politikari buruzko informazio gehiago, hemen: <a href=\"https:\/\/policies.google.com\/technologies\/cookies?hl=es\">https:\/\/policies.google.com\/technologies\/cookies?hl=es<\/a><\/p>\n<h3>Cookien politika aldatzea eta eguneratzea<\/h3>\n<p>GIZATZEN cookien politika hau alda dezake, legeak edo arauek hala eskatzen dutelako edo gure politika organo arautzaileek emandako jarraibide edo gomendioetara egokitzeko. Horrenbestez, cookien politika aldian behin berrikustea gomendatzen da.<\/p>\n<\/div><\/section>\n\n","protected":false},"excerpt":{"rendered":"","protected":false},"author":7,"featured_media":0,"parent":0,"menu_order":0,"comment_status":"closed","ping_status":"open","template":"","meta":{"footnotes":""},"class_list":["post-3","page","type-page","status-publish","hentry"],"aioseo_notices":[],"_links":{"self":[{"href":"https:\/\/gizatzen.eus\/es\/wp-json\/wp\/v2\/pages\/3","targetHints":{"allow":["GET"]}}],"collection":[{"href":"https:\/\/gizatzen.eus\/es\/wp-json\/wp\/v2\/pages"}],"about":[{"href":"https:\/\/gizatzen.eus\/es\/wp-json\/wp\/v2\/types\/page"}],"author":[{"embeddable":true,"href":"https:\/\/gizatzen.eus\/es\/wp-json\/wp\/v2\/users\/7"}],"replies":[{"embeddable":true,"href":"https:\/\/gizatzen.eus\/es\/wp-json\/wp\/v2\/comments?post=3"}],"version-history":[{"count":7,"href":"https:\/\/gizatzen.eus\/es\/wp-json\/wp\/v2\/pages\/3\/revisions"}],"predecessor-version":[{"id":1729,"href":"https:\/\/gizatzen.eus\/es\/wp-json\/wp\/v2\/pages\/3\/revisions\/1729"}],"wp:attachment":[{"href":"https:\/\/gizatzen.eus\/es\/wp-json\/wp\/v2\/media?parent=3"}],"curies":[{"name":"wp","href":"https:\/\/api.w.org\/{rel}","templated":true}]}}