{"id":392,"date":"2020-06-29T10:06:44","date_gmt":"2020-06-29T10:06:44","guid":{"rendered":"https:\/\/gizatzen.eus\/?page_id=392"},"modified":"2023-06-22T11:57:08","modified_gmt":"2023-06-22T11:57:08","slug":"quienes-somos","status":"publish","type":"page","link":"https:\/\/gizatzen.eus\/es\/quienes-somos\/","title":{"rendered":"qui\u00e9nes somos"},"content":{"rendered":"<\/div><\/div><\/div><!-- close content main div --><\/div><\/div><div id='av-layout-grid-1'  class='av-layout-grid-container entry-content-wrapper main_color av-flex-cells     copyright-absolute-slider container_wrap fullsize' style=' '  >\n<div class=\"flex_cell no_margin av_one_full   \" ><div class='flex_cell_inner' ><section class=\"av_textblock_section \"  itemscope=\"itemscope\" itemtype=\"https:\/\/schema.org\/CreativeWork\" ><div class='avia_textblock copyright-unsplash av_inherit_color '  style='color:#ffffff; '  itemprop=\"text\" ><p style=\"text-align: right;\">Photo by <a href=\"https:\/\/unsplash.com\/@matthewhenry?utm_source=unsplash&amp;utm_medium=referral&amp;utm_content=creditCopyText\">Matthew Henry<\/a> on <a href=\"https:\/\/unsplash.com\/?utm_source=unsplash&amp;utm_medium=referral&amp;utm_content=creditCopyText\">Unsplash<\/a><\/p>\n<\/div><\/section>\n<\/div><\/div>\n<\/div>\n<\/div><\/div><\/div><!-- close content main div --><\/div><\/div><div id='av_section_1'  class='avia-section main_color avia-section-default avia-no-border-styling  avia-full-stretch avia-bg-style-fixed   av-minimum-height av-minimum-height-50  container_wrap fullsize' style='background-repeat: no-repeat; background-image: url(https:\/\/gizatzen.eus\/wp-content\/uploads\/Gizatzen-matthew-henry-HIDx1jXz8tA-unsplash.jpg);background-attachment: fixed; background-position: top center;  '  data-section-bg-repeat='stretch' data-av_minimum_height_pc='50'><div class='container' ><div class='template-page content  av-content-full alpha units'><div class='post-entry post-entry-type-page post-entry-392'><div class='entry-content-wrapper clearfix'>\n<div class='flex_column_table av-equal-height-column-flextable -flextable' ><div class=\"flex_column av_one_half  flex_column_table_cell av-equal-height-column av-align-bottom av-zero-column-padding first  \" style='border-radius:0px; '><\/div><\/div><!--close column table wrapper. Autoclose: 1 --><div class='flex_column_table av-equal-height-column-flextable -flextable' ><div class='av-flex-placeholder'><\/div><div class=\"flex_column av_one_half  flex_column_table_cell av-equal-height-column av-align-bottom av-zero-column-padding   \" style='border-radius:0px; '><section class=\"av_textblock_section \"  itemscope=\"itemscope\" itemtype=\"https:\/\/schema.org\/CreativeWork\" ><div class='avia_textblock  av_inherit_color '  style='color:#ffffff; '  itemprop=\"text\" ><h1 class=\"headers-body\">Somos una empresa de servicios,\u00a0que siempre tiende una mano a quien m\u00e1s lo necesita.<\/h1>\n<\/div><\/section><br \/>\n<section class=\"av_textblock_section \"  itemscope=\"itemscope\" itemtype=\"https:\/\/schema.org\/CreativeWork\" ><div class='avia_textblock  av_inherit_color '  style='color:#ffffff; '  itemprop=\"text\" ><p>Comprometidos, transparentes y convencidos de que se puede hacer mucho m\u00e1s:\u00a0nuestro af\u00e1n es contribuir a que personas en riesgo de exclusi\u00f3n puedan incorporarse al mercado laboral a trav\u00e9s de los servicios que prestamos.<\/p>\n<\/div><\/section><\/p><\/div><\/div><!--close column table wrapper. Autoclose: 1 -->\n\n<\/div><\/div><\/div><!-- close content main div --><\/div><\/div><div id='av_section_2'  class='avia-section main_color avia-section-default avia-no-border-styling  avia-full-stretch av-section-color-overlay-active avia-bg-style-fixed   container_wrap fullsize' style='background-repeat: no-repeat; background-image: url(https:\/\/gizatzen.eus\/wp-content\/uploads\/Gizatzen-matthew-henry-HIDx1jXz8tA-unsplash.jpg);background-attachment: fixed; background-position: top center;  '  data-section-bg-repeat='stretch'><div class='av-section-color-overlay-wrap'><div class='av-section-color-overlay' style='opacity: 0.9; background-color: #c3d600; '><\/div><div class='container' ><div class='template-page content  av-content-full alpha units'><div class='post-entry post-entry-type-page post-entry-392'><div class='entry-content-wrapper clearfix'>\n<div class='flex_column_table av-equal-height-column-flextable -flextable' ><div class=\"flex_column av_one_full  av-animated-generic bottom-to-top  flex_column_table_cell av-equal-height-column av-align-top av-zero-column-padding first  \" style='background: rgba(255,255,255,0.01); background-color:rgba(255,255,255,0.01); border-radius:0px; '><section class=\"av_textblock_section \"  itemscope=\"itemscope\" itemtype=\"https:\/\/schema.org\/CreativeWork\" ><div class='avia_textblock  av_inherit_color '  style='color:#ffffff; '  itemprop=\"text\" ><h3 class=\"headers-body\">Dignidad y respeto por las personas, como si fueran uno m\u00e1s de nuestra familia.<\/h3>\n<p>Comprometi\u00e9ndonos con ellas y con la sociedad con servicios y prestaciones innovadores y de la m\u00e1xima calidad, persiguiendo la excelencia en todo lo que hagamos. Primamos la individualidad en el trato y la atenci\u00f3n, somos transparentes y cercanos.<br \/>\nProfesionales \u00edntegros y cualificados que inspiren confianza no solo a los usuarios, sino tambi\u00e9n a sus familias y a la sociedad en general.<\/p>\n<\/div><\/section><br \/>\n<div  style='height:16px' class='hr hr-invisible  '><span class='hr-inner ' ><span class='hr-inner-style'><\/span><\/span><\/div><\/p><\/div><\/div><!--close column table wrapper. Autoclose: 1 -->\n\n<\/div><\/div><\/div><!-- close content main div --><\/div><\/div><\/div><div id='av-layout-grid-2'  class='av-layout-grid-container entry-content-wrapper main_color av-flex-cells     container_wrap fullsize' style=' '  >\n<div class=\"flex_cell no_margin av_one_half   avia-full-stretch \"  style='height:667px; min-height:667px;background:url(https:\/\/gizatzen.eus\/wp-content\/uploads\/Gizatzen-john-moeses-bauan-GqHnRApyEqg-unsplash-1.jpg) center center no-repeat scroll; vertical-align:top; padding:30px 30px 300px 30% ; ' ><div class='flex_cell_inner' ><p><div  style='height:16px' class='hr hr-invisible  '><span class='hr-inner ' ><span class='hr-inner-style'><\/span><\/span><\/div><br \/>\n<section class=\"av_textblock_section \"  itemscope=\"itemscope\" itemtype=\"https:\/\/schema.org\/CreativeWork\" ><div class='avia_textblock  av_inherit_color '  style='color:#ffffff; '  itemprop=\"text\" ><h3 class=\"headers-body\">Ofrecemos soluciones<\/h3>\n<\/div><\/section><br \/>\n<section class=\"av_textblock_section \"  itemscope=\"itemscope\" itemtype=\"https:\/\/schema.org\/CreativeWork\" ><div class='avia_textblock  av_inherit_color '  style='color:#ffffff; '  itemprop=\"text\" ><p>que mejoran la calidad de vida de las personas: desde la confianza, la igualdad, el respeto por el medio ambiente y la sostenibilidad, hasta la seguridad, la \u00e9tica y la transparencia.<\/p>\n<\/div><\/section><br \/>\n<div  style='height:16px' class='hr hr-invisible  '><span class='hr-inner ' ><span class='hr-inner-style'><\/span><\/span><\/div><br \/>\n<section class=\"av_textblock_section \"  itemscope=\"itemscope\" itemtype=\"https:\/\/schema.org\/CreativeWork\" ><div class='avia_textblock copyright-unsplash av_inherit_color '  style='font-size:8px; color:#ffffff; '  itemprop=\"text\" ><p style=\"text-align: left;\">Foto de <a href=\"https:\/\/unsplash.com\/@johnmoeses?utm_source=unsplash&amp;utm_medium=referral&amp;utm_content=creditCopyText\"> John Moeses Bauan<\/a> en <a href=\"https:\/\/unsplash.com\/?utm_source=unsplash&amp;utm_medium=referral&amp;utm_content=creditCopyText\">Unsplash<\/a><\/p>\n<\/div><\/section><\/p>\n<\/div><\/div><div class=\"flex_cell no_margin av_one_half   avia-full-stretch \"  style='height:667px; min-height:667px;background:url(https:\/\/gizatzen.eus\/wp-content\/uploads\/Gizatzen-joshua-hoehne-0F4duBPWlCw-unsplash.jpg) center center no-repeat scroll; vertical-align:top; padding:30px 30% 300px 30px ; ' ><div class='flex_cell_inner' ><p><div  style='height:16px' class='hr hr-invisible  '><span class='hr-inner ' ><span class='hr-inner-style'><\/span><\/span><\/div><br \/>\n<section class=\"av_textblock_section \"  itemscope=\"itemscope\" itemtype=\"https:\/\/schema.org\/CreativeWork\" ><div class='avia_textblock  av_inherit_color '  style='color:#ffffff; '  itemprop=\"text\" ><h3 class=\"headers-body\">Contribuimos al bienestar<\/h3>\n<\/div><\/section><br \/>\n<section class=\"av_textblock_section \"  itemscope=\"itemscope\" itemtype=\"https:\/\/schema.org\/CreativeWork\" ><div class='avia_textblock  av_inherit_color '  style='color:#ffffff; '  itemprop=\"text\" ><p>de la sociedad dando respuesta a las necesidades de las personas, gracias a una gesti\u00f3n basada en la atenci\u00f3n personalizada y de acuerdo con criterios de calidad y pr\u00e1cticas innovadoras.<\/p>\n<\/div><\/section><br \/>\n<div  style='height:16px' class='hr hr-invisible  '><span class='hr-inner ' ><span class='hr-inner-style'><\/span><\/span><\/div><br \/>\n<section class=\"av_textblock_section \"  itemscope=\"itemscope\" itemtype=\"https:\/\/schema.org\/CreativeWork\" ><div class='avia_textblock copyright-unsplash av_inherit_color '  style='font-size:8px; color:#ffffff; '  itemprop=\"text\" ><p style=\"text-align: left;\">Photo by <a href=\"https:\/\/unsplash.com\/@mrthetrain?utm_source=unsplash&amp;utm_medium=referral&amp;utm_content=creditCopyText\">Joshua Hoehne<\/a> on <a href=\"https:\/\/unsplash.com\/?utm_source=unsplash&amp;utm_medium=referral&amp;utm_content=creditCopyText\">Unsplash<\/a><\/p>\n<\/div><\/section><\/p>\n<\/div><\/div><\/div>\n","protected":false},"excerpt":{"rendered":"","protected":false},"author":7,"featured_media":0,"parent":0,"menu_order":0,"comment_status":"closed","ping_status":"closed","template":"","meta":{"footnotes":""},"class_list":["post-392","page","type-page","status-publish","hentry"],"aioseo_notices":[],"_links":{"self":[{"href":"https:\/\/gizatzen.eus\/es\/wp-json\/wp\/v2\/pages\/392","targetHints":{"allow":["GET"]}}],"collection":[{"href":"https:\/\/gizatzen.eus\/es\/wp-json\/wp\/v2\/pages"}],"about":[{"href":"https:\/\/gizatzen.eus\/es\/wp-json\/wp\/v2\/types\/page"}],"author":[{"embeddable":true,"href":"https:\/\/gizatzen.eus\/es\/wp-json\/wp\/v2\/users\/7"}],"replies":[{"embeddable":true,"href":"https:\/\/gizatzen.eus\/es\/wp-json\/wp\/v2\/comments?post=392"}],"version-history":[{"count":58,"href":"https:\/\/gizatzen.eus\/es\/wp-json\/wp\/v2\/pages\/392\/revisions"}],"predecessor-version":[{"id":1776,"href":"https:\/\/gizatzen.eus\/es\/wp-json\/wp\/v2\/pages\/392\/revisions\/1776"}],"wp:attachment":[{"href":"https:\/\/gizatzen.eus\/es\/wp-json\/wp\/v2\/media?parent=392"}],"curies":[{"name":"wp","href":"https:\/\/api.w.org\/{rel}","templated":true}]}}