{"id":434,"date":"2020-06-29T10:33:08","date_gmt":"2020-06-29T10:33:08","guid":{"rendered":"https:\/\/gizatzen.eus\/?page_id=434"},"modified":"2023-06-22T11:57:56","modified_gmt":"2023-06-22T11:57:56","slug":"servicios","status":"publish","type":"page","link":"https:\/\/gizatzen.eus\/es\/servicios\/","title":{"rendered":"servicios"},"content":{"rendered":"<\/div><\/div><\/div><!-- close content main div --><\/div><\/div><div id='av-layout-grid-1'  class='av-layout-grid-container entry-content-wrapper main_color av-flex-cells     copyright-absolute-slider container_wrap fullsize' style=' '  >\n<div class=\"flex_cell no_margin av_one_full   \" ><div class='flex_cell_inner' ><section class=\"av_textblock_section \"  itemscope=\"itemscope\" itemtype=\"https:\/\/schema.org\/CreativeWork\" ><div class='avia_textblock copyright-unsplash av_inherit_color '  style='font-size:8px; color:#ffffff; '  itemprop=\"text\" ><p style=\"text-align: right;\">Photo by <a href=\"https:\/\/unsplash.com\/@nmsilva?utm_source=unsplash&amp;utm_medium=referral&amp;utm_content=creditCopyText\">Nuno Silva<\/a> on <a href=\"https:\/\/unsplash.com\/s\/photos\/cleaner?utm_source=unsplash&amp;utm_medium=referral&amp;utm_content=creditCopyText\">Unsplash<\/a><\/p>\n<\/div><\/section>\n<\/div><\/div>\n<\/div>\n<\/div><\/div><\/div><!-- close content main div --><\/div><\/div><div id='av_section_1'  class='avia-section main_color avia-section-default avia-no-border-styling  avia-full-stretch av-parallax-section av-section-color-overlay-active avia-bg-style-parallax   av-minimum-height av-minimum-height-50  container_wrap fullsize' style=' '  data-section-bg-repeat='stretch' data-av_minimum_height_pc='50'><div class='av-parallax' data-avia-parallax-ratio='0.3' ><div class='av-parallax-inner main_color  avia-full-stretch' style = 'background-repeat: no-repeat; background-image: url(https:\/\/gizatzen.eus\/wp-content\/uploads\/Gizatzen-ryoji-iwata-IBaVuZsJJTo-unsplash.jpg);background-attachment: scroll; background-position: center right; ' ><\/div><\/div><div class='av-section-color-overlay-wrap'><div class='av-section-color-overlay' style='opacity: 0.3; background-color: #0a0a0a; '><\/div><div class='container' ><div class='template-page content  av-content-full alpha units'><div class='post-entry post-entry-type-page post-entry-434'><div class='entry-content-wrapper clearfix'>\n<div class='flex_column_table av-equal-height-column-flextable -flextable' ><div class=\"flex_column av_one_half  flex_column_table_cell av-equal-height-column av-align-bottom av-zero-column-padding first  \" style='border-radius:0px; '><\/div><\/div><!--close column table wrapper. Autoclose: 1 --><div class='flex_column_table av-equal-height-column-flextable -flextable' ><div class='av-flex-placeholder'><\/div><div class=\"flex_column av_one_half  flex_column_table_cell av-equal-height-column av-align-bottom av-zero-column-padding   \" style='border-radius:0px; '><section class=\"av_textblock_section \"  itemscope=\"itemscope\" itemtype=\"https:\/\/schema.org\/CreativeWork\" ><div class='avia_textblock  av_inherit_color '  style='color:#ffffff; '  itemprop=\"text\" ><h1 class=\"headers-body\">Nos comprometemos contigo,<br \/>\nm\u00e1s all\u00e1 del servicio<\/h1>\n<\/div><\/section><\/div><\/div><!--close column table wrapper. Autoclose: 1 --><\/div><\/div><\/div><!-- close content main div --><\/div><\/div><\/div><div id='personas'  class='avia-section main_color avia-section-large avia-no-border-styling  avia-full-stretch av-section-color-overlay-active avia-bg-style-fixed   container_wrap fullsize' style='background-repeat: no-repeat; background-image: url(https:\/\/gizatzen.eus\/wp-content\/uploads\/Gizatzen-2-xevi-casanovas-0GZr7KbhC1g-unsplash.jpg);background-attachment: fixed; background-position: center center;  '  data-section-bg-repeat='stretch'><div class='av-section-color-overlay-wrap'><div class='av-section-color-overlay' style='opacity: 0.9; background-color: #e7e6dd; '><\/div><div class='container' ><div class='template-page content  av-content-full alpha units'><div class='post-entry post-entry-type-page post-entry-434'><div class='entry-content-wrapper clearfix'>\n<section class=\"av_textblock_section \"  itemscope=\"itemscope\" itemtype=\"https:\/\/schema.org\/CreativeWork\" ><div class='avia_textblock  av_inherit_color '  style='color:#ffffff; '  itemprop=\"text\" ><h2 class=\"headers-body\" style=\"text-align: center;\">Servicios a las personas<\/h2>\n<\/div><\/section>\n<div class=\"flex_column av_one_full  flex_column_div av-zero-column-padding first  \" style='border-radius:0px; '><section class=\"av_textblock_section \"  itemscope=\"itemscope\" itemtype=\"https:\/\/schema.org\/CreativeWork\" ><div class='avia_textblock  av_inherit_color '  style='color:#666666; '  itemprop=\"text\" ><p style=\"text-align: center;\"><span style=\"font-size: 22px; color: #00a79d;\"><em>Gestionamos servicios con el objetivo de mejorar la calidad de vida de las personas y acompa\u00f1arlas en sus procesos vitales.<\/em><\/span><\/p>\n<\/div><\/section><br \/>\n<section class=\"av_textblock_section \"  itemscope=\"itemscope\" itemtype=\"https:\/\/schema.org\/CreativeWork\" ><div class='avia_textblock  av_inherit_color '  style='color:#666666; '  itemprop=\"text\" ><p><span style=\"font-size: 18px; color: #00a79d;\">Servicios socioeducativos y psicosociales<\/span>\u00a0que forman parte de la cartera de servicios sociales recogidos en la Ley 12\/2008, de 5 de diciembre de Servicios Sociales del Pa\u00eds Vasco. En este \u00e1mbito desarrollamos programas en Equipos de intervenci\u00f3n socioeducativa con menores y familia, atenci\u00f3n a la infancia en situaci\u00f3n de vulnerabilidad, intervenci\u00f3n y mediaci\u00f3n familiar, atenci\u00f3n psicol\u00f3gica y psicopedag\u00f3gica y desarrollo y mediaci\u00f3n socio-comunitaria.<\/p>\n<p>Actualmente gestionamos el\u00a0<em>Servicio de Orientaci\u00f3n y Apoyo Psicol\u00f3gico del Ayuntamiento de Muskiz y el Programa de intervenci\u00f3n socioeducativa y psicosocial en Eibar.<\/em><\/p>\n<p><span style=\"font-size: 18px; color: #00a79d;\">Servicios Sociales de Base<\/span>, ofreciendo a la ciudadan\u00eda una respuesta a las necesidades sociales y acompa\u00f1ando en el proceso de inclusi\u00f3n.<\/p>\n<p>Actualmente gestionamos:\u00a0<em>Servicio Social de Base del Ayuntamiento de Zierbena.<\/em><\/p>\n<p><span style=\"font-size: 18px; color: #00a79d;\">Servicios socio-sanitarios a las personas en situaci\u00f3n de dependencia y con diversidad funcional<\/span>, desarrollando nuestros programas en centros de d\u00eda, recursos residenciales, servicios de ayuda a domicilio y procesos de acompa\u00f1amiento social.<\/p>\n<p>Actualmente gestionamos el\u00a0<em>Centro de Atenci\u00f3n Diurna para Personas Mayores Kontent-tu del Ayuntamiento de Lasarte-Oria, el Servicio de Ayuda a Domicilio del Ayuntamiento de Irun, Servicio de Ayuda a Domicilio del municipio de Zumarraga y el Servicio de Atenci\u00f3n Psicosocial y Dinamizaci\u00f3n Sociocultural a personas usuarias y familiares de la Residencia Municipal N\u00aa Se\u00f1ora de Bego\u00f1a de Santurtzi.<\/em><\/p>\n<\/div><\/section><\/p><\/div>\n<\/p>\n<\/div><\/div><\/div><!-- close content main div --><\/div><\/div><\/div><div id='edificios'  class='avia-section main_color avia-section-default avia-no-border-styling  avia-full-stretch av-parallax-section av-section-color-overlay-active avia-bg-style-parallax   container_wrap fullsize' style=' '  data-section-bg-repeat='stretch'><div class='av-parallax' data-avia-parallax-ratio='0.3' ><div class='av-parallax-inner main_color  avia-full-stretch' style = 'background-repeat: no-repeat; background-image: url(https:\/\/gizatzen.eus\/wp-content\/uploads\/gizatzen-alberto-di-maria-0T5NfHxS9HE-unsplash-1.jpg);background-attachment: scroll; background-position: center center; ' ><\/div><\/div><div class='av-section-color-overlay-wrap'><div class='av-section-color-overlay' style='opacity: 0.8; background-color: #262262; '><\/div><div class='container' ><div class='template-page content  av-content-full alpha units'><div class='post-entry post-entry-type-page post-entry-434'><div class='entry-content-wrapper clearfix'>\n<section class=\"av_textblock_section \"  itemscope=\"itemscope\" itemtype=\"https:\/\/schema.org\/CreativeWork\" ><div class='avia_textblock  av_inherit_color '  style='color:#ffffff; '  itemprop=\"text\" ><h3 class=\"headers-body\" style=\"text-align: center;\">Servicios a los edificios<\/h3>\n<\/div><\/section>\n<section class=\"av_textblock_section \"  itemscope=\"itemscope\" itemtype=\"https:\/\/schema.org\/CreativeWork\" ><div class='avia_textblock  av_inherit_color '  style='color:#ffffff; '  itemprop=\"text\" ><p style=\"text-align: center;\"><span style=\"font-size: 22px; color: #ffffff;\"><em>Niveles \u00f3ptimos de confort y calidad del aire, seguridad contra incendios, as\u00ed como la disposici\u00f3n de espacios limpios y desinfectados, son algunas de las metas por las que trabajamos, para hacer la vida m\u00e1s c\u00f3moda y segura para los que trabajan dentro y cuidar nuestro patrimonio. Por eso en Gizatzen contamos con el equipo humano y t\u00e9cnico que m\u00e1s se adecua a cada necesidad.<\/em><\/span><\/p>\n<\/div><\/section>\n<div class=\"flex_column av_one_third  flex_column_div av-zero-column-padding first  \" style='border-radius:0px; '><section class=\"av_textblock_section \"  itemscope=\"itemscope\" itemtype=\"https:\/\/schema.org\/CreativeWork\" ><div class='avia_textblock  av_inherit_color '  style='color:#ffffff; '  itemprop=\"text\" ><ul>\n<li><strong>Mantenimiento de instalaciones t\u00e9rmicas:<\/strong>\n<ul>\n<li>Producci\u00f3n y distribuci\u00f3n de Calor y ACS<\/li>\n<li>Producci\u00f3n y distribuci\u00f3n de Fr\u00edo y AFCH<\/li>\n<li>Climatizaci\u00f3n y Calidad Ambiente Interior<\/li>\n<li>Ventilaci\u00f3n<\/li>\n<\/ul>\n<\/li>\n<\/ul>\n<\/div><\/section><br \/>\n<section class=\"av_textblock_section \"  itemscope=\"itemscope\" itemtype=\"https:\/\/schema.org\/CreativeWork\" ><div class='avia_textblock  av_inherit_color '  style='color:#ffffff; '  itemprop=\"text\" ><ul>\n<li><strong>Mantenimiento de instalaciones el\u00e9ctricas:<\/strong>\n<ul>\n<li>Centros de Transformaci\u00f3n<\/li>\n<li>Baja tensi\u00f3n<\/li>\n<li>Alumbrado<\/li>\n<\/ul>\n<\/li>\n<\/ul>\n<\/div><\/section><br \/>\n<div  style='height:50px' class='hr hr-invisible  '><span class='hr-inner ' ><span class='hr-inner-style'><\/span><\/span><\/div><\/p><\/div><div class=\"flex_column av_one_third  flex_column_div av-zero-column-padding   \" style='border-radius:0px; '><section class=\"av_textblock_section \"  itemscope=\"itemscope\" itemtype=\"https:\/\/schema.org\/CreativeWork\" ><div class='avia_textblock  av_inherit_color '  style='color:#ffffff; '  itemprop=\"text\" ><ul>\n<li><strong>Limpieza de interiores:<\/strong>\n<ul>\n<li>Limpieza General<\/li>\n<li>Limpieza Sanitaria<\/li>\n<li>Limpieza de mantenimiento<\/li>\n<li>Limpieza t\u00e9cnica<\/li>\n<\/ul>\n<\/li>\n<\/ul>\n<\/div><\/section><br \/>\n<section class=\"av_textblock_section \"  itemscope=\"itemscope\" itemtype=\"https:\/\/schema.org\/CreativeWork\" ><div class='avia_textblock  av_inherit_color '  style='color:#ffffff; '  itemprop=\"text\" ><ul>\n<li><strong><span lang=\"ES-TRAD\">Mantenimientos complementarios<\/span><\/strong>\n<ul>\n<li>Fontaner\u00eda<\/li>\n<li>Alba\u00f1iler\u00eda<\/li>\n<li>Pintura<\/li>\n<li>Estructura met\u00e1lica<\/li>\n<\/ul>\n<\/li>\n<\/ul>\n<\/div><\/section><br \/>\n<div  style='height:50px' class='hr hr-invisible  '><span class='hr-inner ' ><span class='hr-inner-style'><\/span><\/span><\/div><\/p><\/div><div class=\"flex_column av_one_third  flex_column_div av-zero-column-padding   \" style='border-radius:0px; '><section class=\"av_textblock_section \"  itemscope=\"itemscope\" itemtype=\"https:\/\/schema.org\/CreativeWork\" ><div class='avia_textblock  av_inherit_color '  style='color:#ffffff; '  itemprop=\"text\" ><ul>\n<li><strong>Equipos de continuidad (Grupos electr\u00f3genos y SAIs)<\/strong>\n<ul>\n<li>Mantenimiento de instalaciones de Protecci\u00f3n y Detecci\u00f3n Contra Incendios<\/li>\n<li>Grupos de presi\u00f3n<\/li>\n<li>Extinci\u00f3n (rociadores, extintores y BIES)<\/li>\n<li>Sistemas de control y detecci\u00f3n<\/li>\n<li>Iluminaci\u00f3n de emergencia y se\u00f1alizado<\/li>\n<\/ul>\n<\/li>\n<\/ul>\n<\/div><\/section><br \/>\n<div  style='height:50px' class='hr hr-invisible  '><span class='hr-inner ' ><span class='hr-inner-style'><\/span><\/span><\/div><\/p><\/div>\n\n<\/div><\/div><\/div><!-- close content main div --><\/div><\/div><\/div><div id='ciudades'  class='avia-section main_color avia-section-default avia-no-border-styling  avia-full-stretch av-parallax-section av-section-color-overlay-active avia-bg-style-parallax   container_wrap fullsize' style=' '  data-section-bg-repeat='stretch'><div class='av-parallax' data-avia-parallax-ratio='0.3' ><div class='av-parallax-inner main_color  avia-full-stretch' style = 'background-repeat: no-repeat; background-image: url(https:\/\/gizatzen.eus\/wp-content\/uploads\/gizatzen-yves-alarie-Er_Z4qZHIEI-unsplas-1030x455.jpg);background-attachment: scroll; background-position: center center; ' ><\/div><\/div><div class='av-section-color-overlay-wrap'><div class='av-section-color-overlay' style='opacity: 0.9; background-color: #e7e6dd; '><\/div><div class='container' ><div class='template-page content  av-content-full alpha units'><div class='post-entry post-entry-type-page post-entry-434'><div class='entry-content-wrapper clearfix'>\n<section class=\"av_textblock_section \"  itemscope=\"itemscope\" itemtype=\"https:\/\/schema.org\/CreativeWork\" ><div class='avia_textblock  av_inherit_color '  style='color:#666666; '  itemprop=\"text\" ><h3 class=\"headers-body\" style=\"text-align: center;\">Servicios a las ciudades y su entorno<\/h3>\n<\/div><\/section>\n<div class=\"flex_column av_one_full  flex_column_div av-zero-column-padding first  \" style='border-radius:0px; '><section class=\"av_textblock_section \"  itemscope=\"itemscope\" itemtype=\"https:\/\/schema.org\/CreativeWork\" ><div class='avia_textblock  av_inherit_color '  style='color:#ffffff; '  itemprop=\"text\" ><p style=\"text-align: center;\"><span style=\"font-size: 22px; color: #00a79d;\"><em>Cuidando del medio que nos rodea<\/em><\/span><\/p>\n<\/div><\/section><br \/>\n<section class=\"av_textblock_section \"  itemscope=\"itemscope\" itemtype=\"https:\/\/schema.org\/CreativeWork\" ><div class='avia_textblock  av_inherit_color '  style='color:#666666; '  itemprop=\"text\" ><p>Servicios muy visibles y que influyen en el d\u00eda a d\u00eda de todos los usuarios de las ciudades (habitantes, turistas, comerciantes, transportistas, etc.). Entre los cuales se incluyen:<\/p>\n<ul>\n<li>Limpieza Viaria<\/li>\n<li>Recogida de Residuos<\/li>\n<li>Limpieza de Playas y otros Entornos Naturales<\/li>\n<li>Conservaci\u00f3n y Mantenimiento de Zonas Verdes<\/li>\n<li>Servicios energ\u00e9ticos y mantenimiento de alumbrado p\u00fablico<\/li>\n<li>Bicicletas Municipales<\/li>\n<li>Mantenimiento de Infraestructuras Urbanas<\/li>\n<\/ul>\n<p>Para Gizatzen es muy importante el cuidado del medio que nos rodea y, por ello, estructura la gesti\u00f3n de sus servicios urbanos en tres ejes principales: medio ambiente, innovaci\u00f3n social y tecnol\u00f3gica, adem\u00e1s de la competitividad econ\u00f3mica. Creamos proyectos de ciudades que mejoren los servicios p\u00fablicos combinando personas, tecnolog\u00eda y creatividad para as\u00ed llegar a una soluci\u00f3n \u00f3ptima para cada cliente.<\/p>\n<p>Nuestras propuestas para desarrollar los servicios a las ciudades y su entorno incluyen conceptos como la sostenibilidad, innovaci\u00f3n, eficiencia en el uso de los recursos, participaci\u00f3n y colaboraci\u00f3n de todos los implicados que resulten en la mejora de la calidad de vida de los ciudadanos.<\/p>\n<\/div><\/section><br \/>\n<div  style='height:50px' class='hr hr-invisible  '><span class='hr-inner ' ><span class='hr-inner-style'><\/span><\/span><\/div><\/p><\/div>\n\n","protected":false},"excerpt":{"rendered":"","protected":false},"author":7,"featured_media":0,"parent":0,"menu_order":0,"comment_status":"closed","ping_status":"closed","template":"","meta":{"footnotes":""},"class_list":["post-434","page","type-page","status-publish","hentry"],"aioseo_notices":[],"_links":{"self":[{"href":"https:\/\/gizatzen.eus\/es\/wp-json\/wp\/v2\/pages\/434","targetHints":{"allow":["GET"]}}],"collection":[{"href":"https:\/\/gizatzen.eus\/es\/wp-json\/wp\/v2\/pages"}],"about":[{"href":"https:\/\/gizatzen.eus\/es\/wp-json\/wp\/v2\/types\/page"}],"author":[{"embeddable":true,"href":"https:\/\/gizatzen.eus\/es\/wp-json\/wp\/v2\/users\/7"}],"replies":[{"embeddable":true,"href":"https:\/\/gizatzen.eus\/es\/wp-json\/wp\/v2\/comments?post=434"}],"version-history":[{"count":77,"href":"https:\/\/gizatzen.eus\/es\/wp-json\/wp\/v2\/pages\/434\/revisions"}],"predecessor-version":[{"id":1781,"href":"https:\/\/gizatzen.eus\/es\/wp-json\/wp\/v2\/pages\/434\/revisions\/1781"}],"wp:attachment":[{"href":"https:\/\/gizatzen.eus\/es\/wp-json\/wp\/v2\/media?parent=434"}],"curies":[{"name":"wp","href":"https:\/\/api.w.org\/{rel}","templated":true}]}}